{"id":753,"date":"2017-10-24T09:27:55","date_gmt":"2017-10-24T14:27:55","guid":{"rendered":"https:\/\/importenis.com\/?page_id=753"},"modified":"2024-03-06T16:59:08","modified_gmt":"2024-03-06T21:59:08","slug":"preguntas-frecuentes","status":"publish","type":"page","link":"https:\/\/saldoshoes.com\/?page_id=753","title":{"rendered":"Preguntas frecuentes"},"content":{"rendered":"<h4>-PRODUCTOS<\/h4>\n<h4><strong>Los productos que venden son nuevos?<\/strong><\/h4>\n<p>Claro! Todos nuestros productos son nuevos y cuentan la etiqueta del fabricante.<\/p>\n<h4><strong>Los productos cuentan con garant\u00eda?<\/strong><\/h4>\n<p>Todos nuestros productos son revisados y clasificados antes de salir de nuestro almac\u00e9n aun as\u00ed contamos con la garant\u00eda de cambio por art\u00edculos con da\u00f1os.<\/p>\n<h4>-ENVI\u00d3 Y ENTREGA<\/h4>\n<h4><strong>Puedo recoger comprar directamente en alguna sucursal?<\/strong><\/h4>\n<p>por pol\u00edticas de seguridad y para reducir costos y seguir manteniendo los precios bajos para usted solo contamos con envi\u00f3 directo desde nuestro almac\u00e9n principal a su destino una ves confirmado el pedido.<\/p>\n<h4><strong>Cual es el costo de envi\u00f3?<\/strong><\/h4>\n<p>El envi\u00f3 no tiene costo.<\/p>\n<p><strong>En cuanto tiempo recibir\u00e9 mi pedido?<\/strong><\/p>\n<p>Nuestro compromiso es enviar tu pedido al segundo d\u00eda h\u00e1bil que lo hiciste.<br \/>\nA partir de que entregamos tu paquete a DHL, en el 97% de los casos, entregar\u00e1n tu paquete en los siguientes 8 d\u00edas\u00a0 (Aplica solo de Lunes a Viernes) En algunos c\u00f3digos postales mas retirados pueden tardar hasta 10 d\u00edas h\u00e1biles en entregarte.<br \/>\nCuando tu producto sea enviado, te enviaremos un correo con loa detalles de envi\u00f3.<\/p>\n<p><!--more--><\/p>\n<h4><strong>Que pasa si no hay nadie en mi domicilio cuando vengan a entregar mi pedido?<\/strong><\/h4>\n<p>Si no hay nadie con quien dejar el paquete DHL visitar\u00e1 tu domicilio al siguiente d\u00eda h\u00e1bil en diferente horario para realizar la entrega, si la segunda vez tampoco encuentran nadie en el domicilio har\u00e1n una tercer visita al d\u00eda h\u00e1bil siguiente, si en \u00e9ste tampoco logran entregarte, dejaran tu pedido en la\u00a0sucursal DHL mas cercana a tu domicilio\u00a0donde podr\u00e1s recogerlo en el horario de apertura de la sucursal. En este caso deber\u00e1s llevar tu identificaci\u00f3n oficial para que te entreguen.<\/p>\n<h4>-M\u00c9TODOS DE PAGO<\/h4>\n<h4><strong>Como puedo pagar mi pedido?<\/strong><\/h4>\n<p><b>Pago en Oxxo<\/b>\u00a0(S\u00f3lo pedidos de hasta 10 mil pesos): Selecciona esta opci\u00f3n al momento de hacer tu pedido y te llegar\u00e1 un c\u00f3digo a tu correo electr\u00f3nico, ve a cualquier Oxxo y d\u00edctale el numero al cajero, nosotros recibiremos la confirmaci\u00f3n de tu pago de manera inmediata por lo que no es necesario que nos env\u00edes el comprobante.<\/p>\n<p><b>Pago con tarjeta por medio e paypal<\/b> este medio de pago genera un cargo en comisi\u00f3n del 8% tiene un tiempo de aprobaci\u00f3n de 24 a 48 hrs.Puedes realizar tu pago con tarjeta de cr\u00e9dito o d\u00e9bito en linea por medio de paypal.<\/p>\n<p><strong>Mercado pago<\/strong> este medio de pago genera un cargo en comisi\u00f3n del 8% tiene un tiempo de aprobaci\u00f3n de 24 a 48 hrs.<\/p>\n<p class=\"p1\"><span class=\"s1\">Nosotros recibiremos la confirmaci\u00f3n de tu pago de manera inmediata por lo que no es necesario que nos env\u00edes el comprobante.<\/span><\/p>\n<h4>-DEVOLUCIONES Y REEMBOLSOS<\/h4>\n<h4><strong>Puedo devolver mi pedido y recibir un reembolso?<\/strong><\/h4>\n<p>Puedes crear una solicitud de devoluci\u00f3n dentro de los 5 d\u00edas posteriores a los que recibes tu compra, si tu producto se encuentra nuevo y en las mismas condiciones que lo recibiste emitiremos un reembolso al mismo m\u00e9todo de pago que utilizaste para pagar.<\/p>\n<h4>-FACTURACI\u00d3N CFDI<\/h4>\n<h4><strong>Como solicito factura de mi pedido?<\/strong><\/h4>\n<p>Una vez que realizaste tu pedido por favor env\u00edanos un correo con tu n\u00famero de pedido y datos fiscales a ventas@saldoshoes.com<br \/>\n<strong><i>Recibir\u00e1s tu CFDI de 24 a 48 horas posteriores al env\u00edo de tu pedido<\/i><\/strong><\/p>\n<p><img loading=\"lazy\" class=\"alignnone size-medium wp-image-758\" src=\"https:\/\/importenis.com\/wp-content\/uploads\/2017\/10\/lins-300x4.png\" alt=\"\" width=\"300\" height=\"4\" srcset=\"https:\/\/saldoshoes.com\/wp-content\/uploads\/2017\/10\/lins-300x4.png 300w, https:\/\/saldoshoes.com\/wp-content\/uploads\/2017\/10\/lins-600x8.png 600w, https:\/\/saldoshoes.com\/wp-content\/uploads\/2017\/10\/lins-768x11.png 768w, https:\/\/saldoshoes.com\/wp-content\/uploads\/2017\/10\/lins-1024x14.png 1024w, https:\/\/saldoshoes.com\/wp-content\/uploads\/2017\/10\/lins.png 1072w\" sizes=\"(max-width: 300px) 100vw, 300px\" \/><\/p>\n","protected":false},"excerpt":{"rendered":"<p>-PRODUCTOS Los productos que venden son nuevos? Claro! Todos nuestros productos son nuevos y cuentan la etiqueta del fabricante. Los productos cuentan con garant\u00eda? Todos nuestros productos son revisados y clasificados antes de salir de nuestro almac\u00e9n aun as\u00ed contamos con la garant\u00eda de cambio por art\u00edculos con da\u00f1os. -ENVI\u00d3 Y ENTREGA Puedo recoger comprar [&hellip;]<\/p>\n","protected":false},"author":1,"featured_media":0,"parent":0,"menu_order":0,"comment_status":"closed","ping_status":"closed","template":"","meta":{"_themeisle_gutenberg_block_has_review":false},"yoast_head":"<!-- This site is optimized with the Yoast SEO plugin v19.1 - https:\/\/yoast.com\/wordpress\/plugins\/seo\/ -->\n<title>Preguntas frecuentes - SaldoShoes.com<\/title>\n<meta name=\"robots\" content=\"index, follow, max-snippet:-1, max-image-preview:large, max-video-preview:-1\" \/>\n<link rel=\"canonical\" href=\"https:\/\/saldoshoes.com\/?page_id=753\" \/>\n<meta property=\"og:locale\" content=\"es_ES\" \/>\n<meta property=\"og:type\" content=\"article\" \/>\n<meta property=\"og:title\" content=\"Preguntas frecuentes - SaldoShoes.com\" \/>\n<meta property=\"og:description\" content=\"-PRODUCTOS Los productos que venden son nuevos? Claro! Todos nuestros productos son nuevos y cuentan la etiqueta del fabricante. Los productos cuentan con garant\u00eda? Todos nuestros productos son revisados y clasificados antes de salir de nuestro almac\u00e9n aun as\u00ed contamos con la garant\u00eda de cambio por art\u00edculos con da\u00f1os. -ENVI\u00d3 Y ENTREGA Puedo recoger comprar [&hellip;]\" \/>\n<meta property=\"og:url\" content=\"https:\/\/saldoshoes.com\/?page_id=753\" \/>\n<meta property=\"og:site_name\" content=\"SaldoShoes.com\" \/>\n<meta property=\"article:modified_time\" content=\"2024-03-06T21:59:08+00:00\" \/>\n<meta property=\"og:image\" content=\"https:\/\/importenis.com\/wp-content\/uploads\/2017\/10\/lins-300x4.png\" \/>\n<meta name=\"twitter:card\" content=\"summary\" \/>\n<meta name=\"twitter:label1\" content=\"Tiempo de lectura\" \/>\n\t<meta name=\"twitter:data1\" content=\"3 minutos\" \/>\n<script type=\"application\/ld+json\" class=\"yoast-schema-graph\">{\"@context\":\"https:\/\/schema.org\",\"@graph\":[{\"@type\":\"WebSite\",\"@id\":\"https:\/\/saldoshoes.com\/#website\",\"url\":\"https:\/\/saldoshoes.com\/\",\"name\":\"SaldoShoes.com\",\"description\":\"Lotes de calzado deportivo tenis Mayorista de las mejores marcas\",\"potentialAction\":[{\"@type\":\"SearchAction\",\"target\":{\"@type\":\"EntryPoint\",\"urlTemplate\":\"https:\/\/saldoshoes.com\/?s={search_term_string}\"},\"query-input\":\"required name=search_term_string\"}],\"inLanguage\":\"es\"},{\"@type\":\"ImageObject\",\"inLanguage\":\"es\",\"@id\":\"https:\/\/saldoshoes.com\/?page_id=753#primaryimage\",\"url\":\"https:\/\/importenis.com\/wp-content\/uploads\/2017\/10\/lins-300x4.png\",\"contentUrl\":\"https:\/\/importenis.com\/wp-content\/uploads\/2017\/10\/lins-300x4.png\"},{\"@type\":\"WebPage\",\"@id\":\"https:\/\/saldoshoes.com\/?page_id=753#webpage\",\"url\":\"https:\/\/saldoshoes.com\/?page_id=753\",\"name\":\"Preguntas frecuentes - SaldoShoes.com\",\"isPartOf\":{\"@id\":\"https:\/\/saldoshoes.com\/#website\"},\"primaryImageOfPage\":{\"@id\":\"https:\/\/saldoshoes.com\/?page_id=753#primaryimage\"},\"datePublished\":\"2017-10-24T14:27:55+00:00\",\"dateModified\":\"2024-03-06T21:59:08+00:00\",\"breadcrumb\":{\"@id\":\"https:\/\/saldoshoes.com\/?page_id=753#breadcrumb\"},\"inLanguage\":\"es\",\"potentialAction\":[{\"@type\":\"ReadAction\",\"target\":[\"https:\/\/saldoshoes.com\/?page_id=753\"]}]},{\"@type\":\"BreadcrumbList\",\"@id\":\"https:\/\/saldoshoes.com\/?page_id=753#breadcrumb\",\"itemListElement\":[{\"@type\":\"ListItem\",\"position\":1,\"name\":\"Portada\",\"item\":\"https:\/\/saldoshoes.com\/\"},{\"@type\":\"ListItem\",\"position\":2,\"name\":\"Preguntas frecuentes\"}]}]}<\/script>\n<!-- \/ Yoast SEO plugin. -->","yoast_head_json":{"title":"Preguntas frecuentes - SaldoShoes.com","robots":{"index":"index","follow":"follow","max-snippet":"max-snippet:-1","max-image-preview":"max-image-preview:large","max-video-preview":"max-video-preview:-1"},"canonical":"https:\/\/saldoshoes.com\/?page_id=753","og_locale":"es_ES","og_type":"article","og_title":"Preguntas frecuentes - SaldoShoes.com","og_description":"-PRODUCTOS Los productos que venden son nuevos? Claro! Todos nuestros productos son nuevos y cuentan la etiqueta del fabricante. Los productos cuentan con garant\u00eda? Todos nuestros productos son revisados y clasificados antes de salir de nuestro almac\u00e9n aun as\u00ed contamos con la garant\u00eda de cambio por art\u00edculos con da\u00f1os. -ENVI\u00d3 Y ENTREGA Puedo recoger comprar [&hellip;]","og_url":"https:\/\/saldoshoes.com\/?page_id=753","og_site_name":"SaldoShoes.com","article_modified_time":"2024-03-06T21:59:08+00:00","og_image":[{"url":"https:\/\/importenis.com\/wp-content\/uploads\/2017\/10\/lins-300x4.png"}],"twitter_card":"summary","twitter_misc":{"Tiempo de lectura":"3 minutos"},"schema":{"@context":"https:\/\/schema.org","@graph":[{"@type":"WebSite","@id":"https:\/\/saldoshoes.com\/#website","url":"https:\/\/saldoshoes.com\/","name":"SaldoShoes.com","description":"Lotes de calzado deportivo tenis Mayorista de las mejores marcas","potentialAction":[{"@type":"SearchAction","target":{"@type":"EntryPoint","urlTemplate":"https:\/\/saldoshoes.com\/?s={search_term_string}"},"query-input":"required name=search_term_string"}],"inLanguage":"es"},{"@type":"ImageObject","inLanguage":"es","@id":"https:\/\/saldoshoes.com\/?page_id=753#primaryimage","url":"https:\/\/importenis.com\/wp-content\/uploads\/2017\/10\/lins-300x4.png","contentUrl":"https:\/\/importenis.com\/wp-content\/uploads\/2017\/10\/lins-300x4.png"},{"@type":"WebPage","@id":"https:\/\/saldoshoes.com\/?page_id=753#webpage","url":"https:\/\/saldoshoes.com\/?page_id=753","name":"Preguntas frecuentes - SaldoShoes.com","isPartOf":{"@id":"https:\/\/saldoshoes.com\/#website"},"primaryImageOfPage":{"@id":"https:\/\/saldoshoes.com\/?page_id=753#primaryimage"},"datePublished":"2017-10-24T14:27:55+00:00","dateModified":"2024-03-06T21:59:08+00:00","breadcrumb":{"@id":"https:\/\/saldoshoes.com\/?page_id=753#breadcrumb"},"inLanguage":"es","potentialAction":[{"@type":"ReadAction","target":["https:\/\/saldoshoes.com\/?page_id=753"]}]},{"@type":"BreadcrumbList","@id":"https:\/\/saldoshoes.com\/?page_id=753#breadcrumb","itemListElement":[{"@type":"ListItem","position":1,"name":"Portada","item":"https:\/\/saldoshoes.com\/"},{"@type":"ListItem","position":2,"name":"Preguntas frecuentes"}]}]}},"_links":{"self":[{"href":"https:\/\/saldoshoes.com\/index.php?rest_route=\/wp\/v2\/pages\/753"}],"collection":[{"href":"https:\/\/saldoshoes.com\/index.php?rest_route=\/wp\/v2\/pages"}],"about":[{"href":"https:\/\/saldoshoes.com\/index.php?rest_route=\/wp\/v2\/types\/page"}],"author":[{"embeddable":true,"href":"https:\/\/saldoshoes.com\/index.php?rest_route=\/wp\/v2\/users\/1"}],"replies":[{"embeddable":true,"href":"https:\/\/saldoshoes.com\/index.php?rest_route=%2Fwp%2Fv2%2Fcomments&post=753"}],"version-history":[{"count":3,"href":"https:\/\/saldoshoes.com\/index.php?rest_route=\/wp\/v2\/pages\/753\/revisions"}],"predecessor-version":[{"id":3598,"href":"https:\/\/saldoshoes.com\/index.php?rest_route=\/wp\/v2\/pages\/753\/revisions\/3598"}],"wp:attachment":[{"href":"https:\/\/saldoshoes.com\/index.php?rest_route=%2Fwp%2Fv2%2Fmedia&parent=753"}],"curies":[{"name":"wp","href":"https:\/\/api.w.org\/{rel}","templated":true}]}}