{"id":778,"date":"2017-10-24T13:32:31","date_gmt":"2017-10-24T18:32:31","guid":{"rendered":"https:\/\/importenis.com\/?page_id=778"},"modified":"2017-10-24T13:32:31","modified_gmt":"2017-10-24T18:32:31","slug":"productos","status":"publish","type":"page","link":"https:\/\/saldoshoes.com\/?page_id=778","title":{"rendered":"Productos"},"content":{"rendered":"<h4 data-sp-element-selector=\".site-main h4\" data-sp-element-title=\"Heading - H4\"><strong>Los productos que venden son nuevos?<\/strong><\/h4>\n<p>Claro! Todos nuestros productos son nuevos y cuentan la etiqueta del fabricante.<\/p>\n<h4 data-sp-element-selector=\".site-main h4\" data-sp-element-title=\"Heading - H4\"><strong>Los productos cuentan con garant\u00eda?<\/strong><\/h4>\n<p>Todos nuestros productos son revisados y clasificados antes de salir de nuestro almac\u00e9n aun as\u00ed contamos con la garant\u00eda de cambio por art\u00edculos con da\u00f1os.<\/p>\n","protected":false},"excerpt":{"rendered":"<p>Los productos que venden son nuevos? Claro! Todos nuestros productos son nuevos y cuentan la etiqueta del fabricante. Los productos cuentan con garant\u00eda? Todos nuestros productos son revisados y clasificados antes de salir de nuestro almac\u00e9n aun as\u00ed contamos con la garant\u00eda de cambio por art\u00edculos con da\u00f1os.<\/p>\n","protected":false},"author":1,"featured_media":0,"parent":0,"menu_order":0,"comment_status":"closed","ping_status":"closed","template":"","meta":{"_themeisle_gutenberg_block_has_review":false},"yoast_head":"<!-- This site is optimized with the Yoast SEO plugin v19.1 - https:\/\/yoast.com\/wordpress\/plugins\/seo\/ -->\n<title>Productos - SaldoShoes.com<\/title>\n<meta name=\"robots\" content=\"index, follow, max-snippet:-1, max-image-preview:large, max-video-preview:-1\" \/>\n<link rel=\"canonical\" href=\"https:\/\/saldoshoes.com\/?page_id=778\" \/>\n<meta property=\"og:locale\" content=\"es_ES\" \/>\n<meta property=\"og:type\" content=\"article\" \/>\n<meta property=\"og:title\" content=\"Productos - SaldoShoes.com\" \/>\n<meta property=\"og:description\" content=\"Los productos que venden son nuevos? Claro! Todos nuestros productos son nuevos y cuentan la etiqueta del fabricante. Los productos cuentan con garant\u00eda? Todos nuestros productos son revisados y clasificados antes de salir de nuestro almac\u00e9n aun as\u00ed contamos con la garant\u00eda de cambio por art\u00edculos con da\u00f1os.\" \/>\n<meta property=\"og:url\" content=\"https:\/\/saldoshoes.com\/?page_id=778\" \/>\n<meta property=\"og:site_name\" content=\"SaldoShoes.com\" \/>\n<meta name=\"twitter:card\" content=\"summary\" \/>\n<script type=\"application\/ld+json\" class=\"yoast-schema-graph\">{\"@context\":\"https:\/\/schema.org\",\"@graph\":[{\"@type\":\"WebSite\",\"@id\":\"https:\/\/saldoshoes.com\/#website\",\"url\":\"https:\/\/saldoshoes.com\/\",\"name\":\"SaldoShoes.com\",\"description\":\"Lotes de calzado deportivo tenis Mayorista de las mejores marcas\",\"potentialAction\":[{\"@type\":\"SearchAction\",\"target\":{\"@type\":\"EntryPoint\",\"urlTemplate\":\"https:\/\/saldoshoes.com\/?s={search_term_string}\"},\"query-input\":\"required name=search_term_string\"}],\"inLanguage\":\"es\"},{\"@type\":\"WebPage\",\"@id\":\"https:\/\/saldoshoes.com\/?page_id=778#webpage\",\"url\":\"https:\/\/saldoshoes.com\/?page_id=778\",\"name\":\"Productos - SaldoShoes.com\",\"isPartOf\":{\"@id\":\"https:\/\/saldoshoes.com\/#website\"},\"datePublished\":\"2017-10-24T18:32:31+00:00\",\"dateModified\":\"2017-10-24T18:32:31+00:00\",\"breadcrumb\":{\"@id\":\"https:\/\/saldoshoes.com\/?page_id=778#breadcrumb\"},\"inLanguage\":\"es\",\"potentialAction\":[{\"@type\":\"ReadAction\",\"target\":[\"https:\/\/saldoshoes.com\/?page_id=778\"]}]},{\"@type\":\"BreadcrumbList\",\"@id\":\"https:\/\/saldoshoes.com\/?page_id=778#breadcrumb\",\"itemListElement\":[{\"@type\":\"ListItem\",\"position\":1,\"name\":\"Portada\",\"item\":\"https:\/\/saldoshoes.com\/\"},{\"@type\":\"ListItem\",\"position\":2,\"name\":\"Productos\"}]}]}<\/script>\n<!-- \/ Yoast SEO plugin. -->","yoast_head_json":{"title":"Productos - SaldoShoes.com","robots":{"index":"index","follow":"follow","max-snippet":"max-snippet:-1","max-image-preview":"max-image-preview:large","max-video-preview":"max-video-preview:-1"},"canonical":"https:\/\/saldoshoes.com\/?page_id=778","og_locale":"es_ES","og_type":"article","og_title":"Productos - SaldoShoes.com","og_description":"Los productos que venden son nuevos? Claro! Todos nuestros productos son nuevos y cuentan la etiqueta del fabricante. Los productos cuentan con garant\u00eda? Todos nuestros productos son revisados y clasificados antes de salir de nuestro almac\u00e9n aun as\u00ed contamos con la garant\u00eda de cambio por art\u00edculos con da\u00f1os.","og_url":"https:\/\/saldoshoes.com\/?page_id=778","og_site_name":"SaldoShoes.com","twitter_card":"summary","schema":{"@context":"https:\/\/schema.org","@graph":[{"@type":"WebSite","@id":"https:\/\/saldoshoes.com\/#website","url":"https:\/\/saldoshoes.com\/","name":"SaldoShoes.com","description":"Lotes de calzado deportivo tenis Mayorista de las mejores marcas","potentialAction":[{"@type":"SearchAction","target":{"@type":"EntryPoint","urlTemplate":"https:\/\/saldoshoes.com\/?s={search_term_string}"},"query-input":"required name=search_term_string"}],"inLanguage":"es"},{"@type":"WebPage","@id":"https:\/\/saldoshoes.com\/?page_id=778#webpage","url":"https:\/\/saldoshoes.com\/?page_id=778","name":"Productos - SaldoShoes.com","isPartOf":{"@id":"https:\/\/saldoshoes.com\/#website"},"datePublished":"2017-10-24T18:32:31+00:00","dateModified":"2017-10-24T18:32:31+00:00","breadcrumb":{"@id":"https:\/\/saldoshoes.com\/?page_id=778#breadcrumb"},"inLanguage":"es","potentialAction":[{"@type":"ReadAction","target":["https:\/\/saldoshoes.com\/?page_id=778"]}]},{"@type":"BreadcrumbList","@id":"https:\/\/saldoshoes.com\/?page_id=778#breadcrumb","itemListElement":[{"@type":"ListItem","position":1,"name":"Portada","item":"https:\/\/saldoshoes.com\/"},{"@type":"ListItem","position":2,"name":"Productos"}]}]}},"_links":{"self":[{"href":"https:\/\/saldoshoes.com\/index.php?rest_route=\/wp\/v2\/pages\/778"}],"collection":[{"href":"https:\/\/saldoshoes.com\/index.php?rest_route=\/wp\/v2\/pages"}],"about":[{"href":"https:\/\/saldoshoes.com\/index.php?rest_route=\/wp\/v2\/types\/page"}],"author":[{"embeddable":true,"href":"https:\/\/saldoshoes.com\/index.php?rest_route=\/wp\/v2\/users\/1"}],"replies":[{"embeddable":true,"href":"https:\/\/saldoshoes.com\/index.php?rest_route=%2Fwp%2Fv2%2Fcomments&post=778"}],"version-history":[{"count":0,"href":"https:\/\/saldoshoes.com\/index.php?rest_route=\/wp\/v2\/pages\/778\/revisions"}],"wp:attachment":[{"href":"https:\/\/saldoshoes.com\/index.php?rest_route=%2Fwp%2Fv2%2Fmedia&parent=778"}],"curies":[{"name":"wp","href":"https:\/\/api.w.org\/{rel}","templated":true}]}}