{"id":205,"date":"2017-10-21T22:13:18","date_gmt":"2017-10-22T03:13:18","guid":{"rendered":"https:\/\/importenis.com\/?post_type=product&#038;p=205"},"modified":"2024-03-18T14:57:20","modified_gmt":"2024-03-18T19:57:20","slug":"paquete-50-pares-tenis-varias-marcas","status":"publish","type":"product","link":"https:\/\/saldoshoes.com\/?product=paquete-50-pares-tenis-varias-marcas","title":{"rendered":"Lote de 70 pares de tenis ni\u00f1os varias marcas"},"content":{"rendered":"<p>Lote de 70 pares de tenis kids nuevos marca: nike, adidas, puma, sketcher (originales) Moda deportiva modelos actuales. Obt\u00e9n envi\u00f3 gratis sin cargo adicional a todo M\u00e9xico con garant\u00eda de entrega a domicilio.<\/p>\n<p>&nbsp;<\/p>\n","protected":false},"excerpt":{"rendered":"<p>Lote de 70 pares de tenis kids nuevos marca: nike, adidas, puma, sketcher (originales) Moda deportiva modelos actuales. Obt\u00e9n envi\u00f3 gratis sin cargo adicional a todo M\u00e9xico con garant\u00eda de entrega a domicilio. &nbsp;<\/p>\n","protected":false},"featured_media":1951,"comment_status":"open","ping_status":"closed","template":"","meta":{"_themeisle_gutenberg_block_has_review":false},"product_cat":[122],"product_tag":[33,31,32,96,99,52],"yoast_head":"<!-- This site is optimized with the Yoast SEO plugin v19.1 - https:\/\/yoast.com\/wordpress\/plugins\/seo\/ -->\n<title>Lote de 70 pares de tenis ni\u00f1os varias marcas - SaldoShoes.com<\/title>\n<meta name=\"robots\" content=\"index, follow, max-snippet:-1, max-image-preview:large, max-video-preview:-1\" \/>\n<link rel=\"canonical\" href=\"https:\/\/saldoshoes.com\/?product=paquete-50-pares-tenis-varias-marcas\" \/>\n<meta property=\"og:locale\" content=\"es_ES\" \/>\n<meta property=\"og:type\" content=\"article\" \/>\n<meta property=\"og:title\" content=\"Lote de 70 pares de tenis ni\u00f1os varias marcas - SaldoShoes.com\" \/>\n<meta property=\"og:description\" content=\"Lote de 70 pares de tenis kids nuevos marca: nike, adidas, puma, sketcher (originales) Moda deportiva modelos actuales. Obt\u00e9n envi\u00f3 gratis sin cargo adicional a todo M\u00e9xico con garant\u00eda de entrega a domicilio. &nbsp;\" \/>\n<meta property=\"og:url\" content=\"https:\/\/saldoshoes.com\/?product=paquete-50-pares-tenis-varias-marcas\" \/>\n<meta property=\"og:site_name\" content=\"SaldoShoes.com\" \/>\n<meta property=\"article:modified_time\" content=\"2024-03-18T19:57:20+00:00\" \/>\n<meta property=\"og:image\" content=\"https:\/\/saldoshoes.com\/wp-content\/uploads\/2017\/10\/nike-women01.jpg\" \/>\n\t<meta property=\"og:image:width\" content=\"600\" \/>\n\t<meta property=\"og:image:height\" content=\"800\" \/>\n\t<meta property=\"og:image:type\" content=\"image\/jpeg\" \/>\n<meta name=\"twitter:card\" content=\"summary\" \/>\n<script type=\"application\/ld+json\" class=\"yoast-schema-graph\">{\"@context\":\"https:\/\/schema.org\",\"@graph\":[{\"@type\":\"WebSite\",\"@id\":\"https:\/\/saldoshoes.com\/#website\",\"url\":\"https:\/\/saldoshoes.com\/\",\"name\":\"SaldoShoes.com\",\"description\":\"Lotes de calzado deportivo tenis Mayorista de las mejores marcas\",\"potentialAction\":[{\"@type\":\"SearchAction\",\"target\":{\"@type\":\"EntryPoint\",\"urlTemplate\":\"https:\/\/saldoshoes.com\/?s={search_term_string}\"},\"query-input\":\"required name=search_term_string\"}],\"inLanguage\":\"es\"},{\"@type\":\"ImageObject\",\"inLanguage\":\"es\",\"@id\":\"https:\/\/saldoshoes.com\/?product=paquete-50-pares-tenis-varias-marcas#primaryimage\",\"url\":\"https:\/\/saldoshoes.com\/wp-content\/uploads\/2017\/10\/nike-women01.jpg\",\"contentUrl\":\"https:\/\/saldoshoes.com\/wp-content\/uploads\/2017\/10\/nike-women01.jpg\",\"width\":600,\"height\":800},{\"@type\":\"WebPage\",\"@id\":\"https:\/\/saldoshoes.com\/?product=paquete-50-pares-tenis-varias-marcas#webpage\",\"url\":\"https:\/\/saldoshoes.com\/?product=paquete-50-pares-tenis-varias-marcas\",\"name\":\"Lote de 70 pares de tenis ni\u00f1os varias marcas - SaldoShoes.com\",\"isPartOf\":{\"@id\":\"https:\/\/saldoshoes.com\/#website\"},\"primaryImageOfPage\":{\"@id\":\"https:\/\/saldoshoes.com\/?product=paquete-50-pares-tenis-varias-marcas#primaryimage\"},\"datePublished\":\"2017-10-22T03:13:18+00:00\",\"dateModified\":\"2024-03-18T19:57:20+00:00\",\"breadcrumb\":{\"@id\":\"https:\/\/saldoshoes.com\/?product=paquete-50-pares-tenis-varias-marcas#breadcrumb\"},\"inLanguage\":\"es\",\"potentialAction\":[{\"@type\":\"ReadAction\",\"target\":[\"https:\/\/saldoshoes.com\/?product=paquete-50-pares-tenis-varias-marcas\"]}]},{\"@type\":\"BreadcrumbList\",\"@id\":\"https:\/\/saldoshoes.com\/?product=paquete-50-pares-tenis-varias-marcas#breadcrumb\",\"itemListElement\":[{\"@type\":\"ListItem\",\"position\":1,\"name\":\"Portada\",\"item\":\"https:\/\/saldoshoes.com\/\"},{\"@type\":\"ListItem\",\"position\":2,\"name\":\"\",\"item\":\"https:\/\/saldoshoes.com\/\"},{\"@type\":\"ListItem\",\"position\":3,\"name\":\"Lote de 70 pares de tenis ni\u00f1os varias marcas\"}]}]}<\/script>\n<!-- \/ Yoast SEO plugin. -->","yoast_head_json":{"title":"Lote de 70 pares de tenis ni\u00f1os varias marcas - SaldoShoes.com","robots":{"index":"index","follow":"follow","max-snippet":"max-snippet:-1","max-image-preview":"max-image-preview:large","max-video-preview":"max-video-preview:-1"},"canonical":"https:\/\/saldoshoes.com\/?product=paquete-50-pares-tenis-varias-marcas","og_locale":"es_ES","og_type":"article","og_title":"Lote de 70 pares de tenis ni\u00f1os varias marcas - SaldoShoes.com","og_description":"Lote de 70 pares de tenis kids nuevos marca: nike, adidas, puma, sketcher (originales) Moda deportiva modelos actuales. Obt\u00e9n envi\u00f3 gratis sin cargo adicional a todo M\u00e9xico con garant\u00eda de entrega a domicilio. &nbsp;","og_url":"https:\/\/saldoshoes.com\/?product=paquete-50-pares-tenis-varias-marcas","og_site_name":"SaldoShoes.com","article_modified_time":"2024-03-18T19:57:20+00:00","og_image":[{"width":600,"height":800,"url":"https:\/\/saldoshoes.com\/wp-content\/uploads\/2017\/10\/nike-women01.jpg","type":"image\/jpeg"}],"twitter_card":"summary","schema":{"@context":"https:\/\/schema.org","@graph":[{"@type":"WebSite","@id":"https:\/\/saldoshoes.com\/#website","url":"https:\/\/saldoshoes.com\/","name":"SaldoShoes.com","description":"Lotes de calzado deportivo tenis Mayorista de las mejores marcas","potentialAction":[{"@type":"SearchAction","target":{"@type":"EntryPoint","urlTemplate":"https:\/\/saldoshoes.com\/?s={search_term_string}"},"query-input":"required name=search_term_string"}],"inLanguage":"es"},{"@type":"ImageObject","inLanguage":"es","@id":"https:\/\/saldoshoes.com\/?product=paquete-50-pares-tenis-varias-marcas#primaryimage","url":"https:\/\/saldoshoes.com\/wp-content\/uploads\/2017\/10\/nike-women01.jpg","contentUrl":"https:\/\/saldoshoes.com\/wp-content\/uploads\/2017\/10\/nike-women01.jpg","width":600,"height":800},{"@type":"WebPage","@id":"https:\/\/saldoshoes.com\/?product=paquete-50-pares-tenis-varias-marcas#webpage","url":"https:\/\/saldoshoes.com\/?product=paquete-50-pares-tenis-varias-marcas","name":"Lote de 70 pares de tenis ni\u00f1os varias marcas - SaldoShoes.com","isPartOf":{"@id":"https:\/\/saldoshoes.com\/#website"},"primaryImageOfPage":{"@id":"https:\/\/saldoshoes.com\/?product=paquete-50-pares-tenis-varias-marcas#primaryimage"},"datePublished":"2017-10-22T03:13:18+00:00","dateModified":"2024-03-18T19:57:20+00:00","breadcrumb":{"@id":"https:\/\/saldoshoes.com\/?product=paquete-50-pares-tenis-varias-marcas#breadcrumb"},"inLanguage":"es","potentialAction":[{"@type":"ReadAction","target":["https:\/\/saldoshoes.com\/?product=paquete-50-pares-tenis-varias-marcas"]}]},{"@type":"BreadcrumbList","@id":"https:\/\/saldoshoes.com\/?product=paquete-50-pares-tenis-varias-marcas#breadcrumb","itemListElement":[{"@type":"ListItem","position":1,"name":"Portada","item":"https:\/\/saldoshoes.com\/"},{"@type":"ListItem","position":2,"name":"","item":"https:\/\/saldoshoes.com\/"},{"@type":"ListItem","position":3,"name":"Lote de 70 pares de tenis ni\u00f1os varias marcas"}]}]}},"_links":{"self":[{"href":"https:\/\/saldoshoes.com\/index.php?rest_route=\/wp\/v2\/product\/205"}],"collection":[{"href":"https:\/\/saldoshoes.com\/index.php?rest_route=\/wp\/v2\/product"}],"about":[{"href":"https:\/\/saldoshoes.com\/index.php?rest_route=\/wp\/v2\/types\/product"}],"replies":[{"embeddable":true,"href":"https:\/\/saldoshoes.com\/index.php?rest_route=%2Fwp%2Fv2%2Fcomments&post=205"}],"wp:featuredmedia":[{"embeddable":true,"href":"https:\/\/saldoshoes.com\/index.php?rest_route=\/wp\/v2\/media\/1951"}],"wp:attachment":[{"href":"https:\/\/saldoshoes.com\/index.php?rest_route=%2Fwp%2Fv2%2Fmedia&parent=205"}],"wp:term":[{"taxonomy":"product_cat","embeddable":true,"href":"https:\/\/saldoshoes.com\/index.php?rest_route=%2Fwp%2Fv2%2Fproduct_cat&post=205"},{"taxonomy":"product_tag","embeddable":true,"href":"https:\/\/saldoshoes.com\/index.php?rest_route=%2Fwp%2Fv2%2Fproduct_tag&post=205"}],"curies":[{"name":"wp","href":"https:\/\/api.w.org\/{rel}","templated":true}]}}