{"id":295,"date":"2017-10-21T23:04:50","date_gmt":"2017-10-22T04:04:50","guid":{"rendered":"https:\/\/importenis.com\/?post_type=product&#038;p=295"},"modified":"2024-07-20T18:19:06","modified_gmt":"2024-07-20T23:19:06","slug":"paquete-50-pares-tenis-adidas","status":"publish","type":"product","link":"https:\/\/saldoshoes.com\/?product=paquete-50-pares-tenis-adidas","title":{"rendered":"Lote de 50 pares de tenis kids marcas varias"},"content":{"rendered":"<p>Lote de 50 pares de tenis kids nuevos marca: nike, puma, sketcher, adidas,\u00a0 (originales) Moda deportiva modelos actuales. Obt\u00e9n envi\u00f3 gratis sin cargo adicional a todo M\u00e9xico con garant\u00eda de entrega a domicilio.<\/p>\n","protected":false},"excerpt":{"rendered":"<p>Lote de 50 pares de tenis kids nuevos marca: nike, puma, sketcher, adidas,\u00a0 (originales) Moda deportiva modelos actuales. Obt\u00e9n envi\u00f3 gratis sin cargo adicional a todo M\u00e9xico con garant\u00eda de entrega a domicilio.<\/p>\n","protected":false},"featured_media":1828,"comment_status":"open","ping_status":"closed","template":"","meta":{"_themeisle_gutenberg_block_has_review":false},"product_cat":[122],"product_tag":[33,31,32,113],"yoast_head":"<!-- This site is optimized with the Yoast SEO plugin v19.1 - https:\/\/yoast.com\/wordpress\/plugins\/seo\/ -->\n<title>Lote de 50 pares de tenis kids marcas varias - SaldoShoes.com<\/title>\n<meta name=\"robots\" content=\"index, follow, max-snippet:-1, max-image-preview:large, max-video-preview:-1\" \/>\n<link rel=\"canonical\" href=\"https:\/\/saldoshoes.com\/?product=paquete-50-pares-tenis-adidas\" \/>\n<meta property=\"og:locale\" content=\"es_ES\" \/>\n<meta property=\"og:type\" content=\"article\" \/>\n<meta property=\"og:title\" content=\"Lote de 50 pares de tenis kids marcas varias - SaldoShoes.com\" \/>\n<meta property=\"og:description\" content=\"Lote de 50 pares de tenis kids nuevos marca: nike, puma, sketcher, adidas,\u00a0 (originales) Moda deportiva modelos actuales. Obt\u00e9n envi\u00f3 gratis sin cargo adicional a todo M\u00e9xico con garant\u00eda de entrega a domicilio.\" \/>\n<meta property=\"og:url\" content=\"https:\/\/saldoshoes.com\/?product=paquete-50-pares-tenis-adidas\" \/>\n<meta property=\"og:site_name\" content=\"SaldoShoes.com\" \/>\n<meta property=\"article:modified_time\" content=\"2024-07-20T23:19:06+00:00\" \/>\n<meta property=\"og:image\" content=\"https:\/\/saldoshoes.com\/wp-content\/uploads\/2017\/10\/m_5ace65dd9d20f023ab477343-e1535925919579.jpg\" \/>\n\t<meta property=\"og:image:width\" content=\"450\" \/>\n\t<meta property=\"og:image:height\" content=\"450\" \/>\n\t<meta property=\"og:image:type\" content=\"image\/jpeg\" \/>\n<meta name=\"twitter:card\" content=\"summary\" \/>\n<script type=\"application\/ld+json\" class=\"yoast-schema-graph\">{\"@context\":\"https:\/\/schema.org\",\"@graph\":[{\"@type\":\"WebSite\",\"@id\":\"https:\/\/saldoshoes.com\/#website\",\"url\":\"https:\/\/saldoshoes.com\/\",\"name\":\"SaldoShoes.com\",\"description\":\"Lotes de calzado deportivo tenis Mayorista de las mejores marcas\",\"potentialAction\":[{\"@type\":\"SearchAction\",\"target\":{\"@type\":\"EntryPoint\",\"urlTemplate\":\"https:\/\/saldoshoes.com\/?s={search_term_string}\"},\"query-input\":\"required name=search_term_string\"}],\"inLanguage\":\"es\"},{\"@type\":\"ImageObject\",\"inLanguage\":\"es\",\"@id\":\"https:\/\/saldoshoes.com\/?product=paquete-50-pares-tenis-adidas#primaryimage\",\"url\":\"https:\/\/saldoshoes.com\/wp-content\/uploads\/2017\/10\/m_5ace65dd9d20f023ab477343-e1535925919579.jpg\",\"contentUrl\":\"https:\/\/saldoshoes.com\/wp-content\/uploads\/2017\/10\/m_5ace65dd9d20f023ab477343-e1535925919579.jpg\",\"width\":450,\"height\":450},{\"@type\":\"WebPage\",\"@id\":\"https:\/\/saldoshoes.com\/?product=paquete-50-pares-tenis-adidas#webpage\",\"url\":\"https:\/\/saldoshoes.com\/?product=paquete-50-pares-tenis-adidas\",\"name\":\"Lote de 50 pares de tenis kids marcas varias - SaldoShoes.com\",\"isPartOf\":{\"@id\":\"https:\/\/saldoshoes.com\/#website\"},\"primaryImageOfPage\":{\"@id\":\"https:\/\/saldoshoes.com\/?product=paquete-50-pares-tenis-adidas#primaryimage\"},\"datePublished\":\"2017-10-22T04:04:50+00:00\",\"dateModified\":\"2024-07-20T23:19:06+00:00\",\"breadcrumb\":{\"@id\":\"https:\/\/saldoshoes.com\/?product=paquete-50-pares-tenis-adidas#breadcrumb\"},\"inLanguage\":\"es\",\"potentialAction\":[{\"@type\":\"ReadAction\",\"target\":[\"https:\/\/saldoshoes.com\/?product=paquete-50-pares-tenis-adidas\"]}]},{\"@type\":\"BreadcrumbList\",\"@id\":\"https:\/\/saldoshoes.com\/?product=paquete-50-pares-tenis-adidas#breadcrumb\",\"itemListElement\":[{\"@type\":\"ListItem\",\"position\":1,\"name\":\"Portada\",\"item\":\"https:\/\/saldoshoes.com\/\"},{\"@type\":\"ListItem\",\"position\":2,\"name\":\"\",\"item\":\"https:\/\/saldoshoes.com\/\"},{\"@type\":\"ListItem\",\"position\":3,\"name\":\"Lote de 50 pares de tenis kids marcas varias\"}]}]}<\/script>\n<!-- \/ Yoast SEO plugin. -->","yoast_head_json":{"title":"Lote de 50 pares de tenis kids marcas varias - SaldoShoes.com","robots":{"index":"index","follow":"follow","max-snippet":"max-snippet:-1","max-image-preview":"max-image-preview:large","max-video-preview":"max-video-preview:-1"},"canonical":"https:\/\/saldoshoes.com\/?product=paquete-50-pares-tenis-adidas","og_locale":"es_ES","og_type":"article","og_title":"Lote de 50 pares de tenis kids marcas varias - SaldoShoes.com","og_description":"Lote de 50 pares de tenis kids nuevos marca: nike, puma, sketcher, adidas,\u00a0 (originales) Moda deportiva modelos actuales. Obt\u00e9n envi\u00f3 gratis sin cargo adicional a todo M\u00e9xico con garant\u00eda de entrega a domicilio.","og_url":"https:\/\/saldoshoes.com\/?product=paquete-50-pares-tenis-adidas","og_site_name":"SaldoShoes.com","article_modified_time":"2024-07-20T23:19:06+00:00","og_image":[{"width":450,"height":450,"url":"https:\/\/saldoshoes.com\/wp-content\/uploads\/2017\/10\/m_5ace65dd9d20f023ab477343-e1535925919579.jpg","type":"image\/jpeg"}],"twitter_card":"summary","schema":{"@context":"https:\/\/schema.org","@graph":[{"@type":"WebSite","@id":"https:\/\/saldoshoes.com\/#website","url":"https:\/\/saldoshoes.com\/","name":"SaldoShoes.com","description":"Lotes de calzado deportivo tenis Mayorista de las mejores marcas","potentialAction":[{"@type":"SearchAction","target":{"@type":"EntryPoint","urlTemplate":"https:\/\/saldoshoes.com\/?s={search_term_string}"},"query-input":"required name=search_term_string"}],"inLanguage":"es"},{"@type":"ImageObject","inLanguage":"es","@id":"https:\/\/saldoshoes.com\/?product=paquete-50-pares-tenis-adidas#primaryimage","url":"https:\/\/saldoshoes.com\/wp-content\/uploads\/2017\/10\/m_5ace65dd9d20f023ab477343-e1535925919579.jpg","contentUrl":"https:\/\/saldoshoes.com\/wp-content\/uploads\/2017\/10\/m_5ace65dd9d20f023ab477343-e1535925919579.jpg","width":450,"height":450},{"@type":"WebPage","@id":"https:\/\/saldoshoes.com\/?product=paquete-50-pares-tenis-adidas#webpage","url":"https:\/\/saldoshoes.com\/?product=paquete-50-pares-tenis-adidas","name":"Lote de 50 pares de tenis kids marcas varias - SaldoShoes.com","isPartOf":{"@id":"https:\/\/saldoshoes.com\/#website"},"primaryImageOfPage":{"@id":"https:\/\/saldoshoes.com\/?product=paquete-50-pares-tenis-adidas#primaryimage"},"datePublished":"2017-10-22T04:04:50+00:00","dateModified":"2024-07-20T23:19:06+00:00","breadcrumb":{"@id":"https:\/\/saldoshoes.com\/?product=paquete-50-pares-tenis-adidas#breadcrumb"},"inLanguage":"es","potentialAction":[{"@type":"ReadAction","target":["https:\/\/saldoshoes.com\/?product=paquete-50-pares-tenis-adidas"]}]},{"@type":"BreadcrumbList","@id":"https:\/\/saldoshoes.com\/?product=paquete-50-pares-tenis-adidas#breadcrumb","itemListElement":[{"@type":"ListItem","position":1,"name":"Portada","item":"https:\/\/saldoshoes.com\/"},{"@type":"ListItem","position":2,"name":"","item":"https:\/\/saldoshoes.com\/"},{"@type":"ListItem","position":3,"name":"Lote de 50 pares de tenis kids marcas varias"}]}]}},"_links":{"self":[{"href":"https:\/\/saldoshoes.com\/index.php?rest_route=\/wp\/v2\/product\/295"}],"collection":[{"href":"https:\/\/saldoshoes.com\/index.php?rest_route=\/wp\/v2\/product"}],"about":[{"href":"https:\/\/saldoshoes.com\/index.php?rest_route=\/wp\/v2\/types\/product"}],"replies":[{"embeddable":true,"href":"https:\/\/saldoshoes.com\/index.php?rest_route=%2Fwp%2Fv2%2Fcomments&post=295"}],"wp:featuredmedia":[{"embeddable":true,"href":"https:\/\/saldoshoes.com\/index.php?rest_route=\/wp\/v2\/media\/1828"}],"wp:attachment":[{"href":"https:\/\/saldoshoes.com\/index.php?rest_route=%2Fwp%2Fv2%2Fmedia&parent=295"}],"wp:term":[{"taxonomy":"product_cat","embeddable":true,"href":"https:\/\/saldoshoes.com\/index.php?rest_route=%2Fwp%2Fv2%2Fproduct_cat&post=295"},{"taxonomy":"product_tag","embeddable":true,"href":"https:\/\/saldoshoes.com\/index.php?rest_route=%2Fwp%2Fv2%2Fproduct_tag&post=295"}],"curies":[{"name":"wp","href":"https:\/\/api.w.org\/{rel}","templated":true}]}}